{"id":2359,"date":"2024-11-27T15:21:07","date_gmt":"2024-11-27T15:21:07","guid":{"rendered":"https:\/\/gemic2025.org\/?page_id=2359"},"modified":"2024-12-11T20:12:20","modified_gmt":"2024-12-11T20:12:20","slug":"spinner-bronze","status":"publish","type":"page","link":"https:\/\/gemic2025.org\/?page_id=2359","title":{"rendered":"Spinner (Bronze)"},"content":{"rendered":"\t\t<div data-elementor-type=\"wp-post\" data-elementor-id=\"2359\" class=\"elementor elementor-2359\">\n\t\t\t\t<div class=\"elementor-element elementor-element-782e06a e-flex e-con-boxed e-con e-parent\" data-id=\"782e06a\" data-element_type=\"container\" data-e-type=\"container\">\n\t\t\t\t\t<div class=\"e-con-inner\">\n\t\t\t\t<div class=\"elementor-element elementor-element-6789f42 elementor-widget elementor-widget-heading\" data-id=\"6789f42\" data-element_type=\"widget\" data-e-type=\"widget\" data-widget_type=\"heading.default\">\n\t\t\t\t<div class=\"elementor-widget-container\">\n\t\t\t\t\t<h1 class=\"elementor-heading-title elementor-size-default\">Bronze Sponsor<\/h1>\t\t\t\t<\/div>\n\t\t\t\t<\/div>\n\t\t<div class=\"elementor-element elementor-element-4e9deea e-grid e-con-full e-con e-child\" data-id=\"4e9deea\" data-element_type=\"container\" data-e-type=\"container\">\n\t\t\t\t<div class=\"elementor-element elementor-element-3337795 elementor-widget elementor-widget-image\" data-id=\"3337795\" data-element_type=\"widget\" data-e-type=\"widget\" data-widget_type=\"image.default\">\n\t\t\t\t<div class=\"elementor-widget-container\">\n\t\t\t\t\t\t\t\t\t\t\t\t\t\t\t\t<a href=\"https:\/\/www.spinner-group.com\" target=\"_blank\">\n\t\t\t\t\t\t\t<img fetchpriority=\"high\" decoding=\"async\" width=\"436\" height=\"323\" src=\"https:\/\/gemic2025.org\/wp-content\/uploads\/2024\/12\/spinner_logo.png\" class=\"attachment-large size-large wp-image-2470\" alt>\t\t\t\t\t\t\t\t<\/a>\n\t\t\t\t\t\t\t\t\t\t\t\t\t\t\t<\/div>\n\t\t\t\t<\/div>\n\t\t\t\t<\/div>\n\t\t\t\t<div class=\"elementor-element elementor-element-85a42e8 elementor-widget elementor-widget-text-editor\" data-id=\"85a42e8\" data-element_type=\"widget\" data-e-type=\"widget\" data-widget_type=\"text-editor.default\">\n\t\t\t\t<div class=\"elementor-widget-container\">\n\t\t\t\t\t\t\t\t\t<h2>About Spinner<\/h2><p>SPINNER designs and builds cut\u00adting-edge radio fre\u00adquen\u00adcy sys\u00adtems, set\u00adting per\u00adfor\u00admance and longevi\u00adty stan\u00addards for oth\u00aders to fol\u00adlow. The com\u00adpa\u00adny\u2019s track record of inno\u00adva\u00adtion dates back to 1946, and many of today\u2019s main\u00adstream prod\u00aducts are root\u00aded in SPINNER inven\u00adtions. Head\u00adquar\u00adtered in Munich, Ger\u00admany, the glob\u00adal fron\u00adtrun\u00adner in RF com\u00adpo\u00adnents remains the first choice in sim\u00adple-yet-smart RF solu\u00adtions.<\/p><p>The port\u00adfo\u00adlio includes a wide range of prod\u00aducts for test and mea\u00adsure\u00adment tasks in R&amp;D and pro\u00adduc\u00adtion envi\u00adron\u00adments, rotat\u00ading sys\u00adtems, broad\u00adcast sys\u00adtems, ane\u00adchoic cham\u00adbers as well as 5G and 6G appli\u00adca\u00adtions up to 167 GHz. These include com\u00adpact and boxed cal\u00adi\u00adbra\u00adtion kits, ver\u00adi\u00adfi\u00adca\u00adtion kits, ruggedi\u00adzed test port adapters, pla\u00adnar\/\u00adco-pla\u00adnar con\u00adnec\u00adtors, flex\u00adi\u00adble dielec\u00adtric wave\u00adguides, low PIM switch\u00ades and blind-mat\u00ading con\u00adnec\u00adtors for auto\u00admat\u00aded pro\u00adduc\u00adtion test, N75 Ohm to N50 Ohm adapters and sin\u00adgle and mul\u00adti-chan\u00adnel rotary feedthroughs.<\/p><p>\u00dcber Spin\u00adner<\/p><p>SPINNER entwick\u00adelt und fer\u00adtigt hochmod\u00aderne Hochfre\u00adquen\u00adzpro\u00adduk\u00adte und set\u00adzt damit Ma\u00dfst\u00e4be f\u00fcr Leis\u00adtung und Lan\u00adglebigkeit. Die Inno\u00adva\u00adtion\u00ads\u00adgeschichte des Unternehmens reicht bis ins Jahr 1946 zur\u00fcck, und viele der heuti\u00adgen g\u00e4ngi\u00adgen Pro\u00adduk\u00adte haben ihre Wurzeln in SPIN\u00adNER-Erfind\u00adun\u00adgen. Der Welt\u00admark\u00adt\u00adf\u00fchrer f\u00fcr HF-Kom\u00adpo\u00adnen\u00adten mit Haupt\u00adsitz in M\u00fcnchen ist nach wie vor die erste Wahl f\u00fcr intel\u00adli\u00adgente HF-L\u00f6sun\u00adgen.<\/p><p>Das Port\u00adfo\u00adlio schlie\u00dft eine bre\u00adite Palette von Pro\u00adduk\u00adten f\u00fcr Test- und Mes\u00adsauf\u00adgaben ein, die in F&amp;E- und Pro\u00adduk\u00adtion\u00adsumge\u00adbun\u00adgen, rotieren\u00adden Sys\u00adte\u00admen, Rund\u00adfunksys\u00adte\u00admen, reflex\u00adion\u00adsar\u00admen Kam\u00admern sowie in 5G- und 6G-Anwen\u00addun\u00adgen bis zu 167 GHz ver\u00adwen\u00addet wer\u00adden. Dazu geh\u00f6ren kom\u00adpak\u00adte und Kof\u00adfer-Kalib\u00adri\u00aderk\u00adits, Ver\u00adi\u00adfizierungskits, robuste Test\u00adport-Adapter, planare\/ko-planare Steck\u00adverbinder, flex\u00adi\u00adble dielek\u00adtrische Wellen\u00adleit\u00ader, Low-PIM-Schal\u00adter und Blind\u00admat\u00ading-Steck\u00adverbinder f\u00fcr automa\u00adtisierte Pro\u00adduk\u00adtion\u00adstests, Adapter von N75 Ohm auf N50 Ohm sowie ein- und mehrkanalige Drehdurch\u00adf\u00fchrun\u00adgen.<\/p>\t\t\t\t\t\t\t\t<\/div>\n\t\t\t\t<\/div>\n\t\t\t\t\t<\/div>\n\t\t\t\t<\/div>\n\t\t\t\t<section class=\"elementor-section elementor-top-section elementor-element elementor-element-cc62499 elementor-section-boxed elementor-section-height-default elementor-section-height-default\" data-id=\"cc62499\" data-element_type=\"section\" data-e-type=\"section\" data-settings=\"{&quot;background_background&quot;:&quot;gradient&quot;}\">\n\t\t\t\t\t\t\t<div class=\"elementor-background-overlay\"><\/div>\n\t\t\t\t\t\t\t<div class=\"elementor-container elementor-column-gap-default\">\n\t\t\t\t\t<div class=\"elementor-column elementor-col-33 elementor-top-column elementor-element elementor-element-4fdad37\" data-id=\"4fdad37\" data-element_type=\"column\" data-e-type=\"column\">\n\t\t\t<div class=\"elementor-widget-wrap elementor-element-populated\">\n\t\t\t\t\t\t<section class=\"elementor-section elementor-inner-section elementor-element elementor-element-38b0b57 elementor-section-boxed elementor-section-height-default elementor-section-height-default\" data-id=\"38b0b57\" data-element_type=\"section\" data-e-type=\"section\">\n\t\t\t\t\t\t<div class=\"elementor-container elementor-column-gap-default\">\n\t\t\t\t\t<div class=\"elementor-column elementor-col-100 elementor-inner-column elementor-element elementor-element-c044c8f\" data-id=\"c044c8f\" data-element_type=\"column\" data-e-type=\"column\">\n\t\t\t<div class=\"elementor-widget-wrap elementor-element-populated\">\n\t\t\t\t\t\t<div class=\"elementor-element elementor-element-4d3aa50 elementor-widget elementor-widget-image\" data-id=\"4d3aa50\" data-element_type=\"widget\" data-e-type=\"widget\" data-widget_type=\"image.default\">\n\t\t\t\t<div class=\"elementor-widget-container\">\n\t\t\t\t\t\t\t\t\t\t\t\t\t\t\t\t<a href=\"https:\/\/tu-dresden.de\">\n\t\t\t\t\t\t\t<img decoding=\"async\" width=\"1200\" height=\"348\" src=\"https:\/\/gemic2025.org\/wp-content\/uploads\/2024\/03\/TUD-blue_2bpp.png\" class=\"attachment-full size-full wp-image-648\" alt=\"Logo Technische Universit\u00e4t Dresden.\" srcset=\"https:\/\/gemic2025.org\/wp-content\/uploads\/2024\/03\/TUD-blue_2bpp.png 1200w, https:\/\/gemic2025.org\/wp-content\/uploads\/2024\/03\/TUD-blue_2bpp-768x223.png 768w\" sizes=\"(max-width: 1200px) 100vw, 1200px\">\t\t\t\t\t\t\t\t<\/a>\n\t\t\t\t\t\t\t\t\t\t\t\t\t\t\t<\/div>\n\t\t\t\t<\/div>\n\t\t\t\t\t<\/div>\n\t\t<\/div>\n\t\t\t\t\t<\/div>\n\t\t<\/section>\n\t\t\t\t\t<\/div>\n\t\t<\/div>\n\t\t\t\t<div class=\"elementor-column elementor-col-33 elementor-top-column elementor-element elementor-element-0ddd491\" data-id=\"0ddd491\" data-element_type=\"column\" data-e-type=\"column\">\n\t\t\t<div class=\"elementor-widget-wrap\">\n\t\t\t\t\t\t\t<\/div>\n\t\t<\/div>\n\t\t\t\t<div class=\"elementor-column elementor-col-33 elementor-top-column elementor-element elementor-element-5b929ef\" data-id=\"5b929ef\" data-element_type=\"column\" data-e-type=\"column\">\n\t\t\t<div class=\"elementor-widget-wrap elementor-element-populated\">\n\t\t\t\t\t\t<section class=\"elementor-section elementor-inner-section elementor-element elementor-element-dcb9355 elementor-section-boxed elementor-section-height-default elementor-section-height-default\" data-id=\"dcb9355\" data-element_type=\"section\" data-e-type=\"section\">\n\t\t\t\t\t\t<div class=\"elementor-container elementor-column-gap-default\">\n\t\t\t\t\t<div class=\"elementor-column elementor-col-100 elementor-inner-column elementor-element elementor-element-3bdfc49\" data-id=\"3bdfc49\" data-element_type=\"column\" data-e-type=\"column\">\n\t\t\t<div class=\"elementor-widget-wrap elementor-element-populated\">\n\t\t\t\t\t\t<div class=\"elementor-element elementor-element-888a701 elementor-widget elementor-widget-text-editor\" data-id=\"888a701\" data-element_type=\"widget\" data-e-type=\"widget\" data-widget_type=\"text-editor.default\">\n\t\t\t\t<div class=\"elementor-widget-container\">\n\t\t\t\t\t\t\t\t\t<p style=\"text-align: center;\">Chair for RF and <br>Pho\u00adton\u00adics Engi\u00adneer\u00ading<\/p>\t\t\t\t\t\t\t\t<\/div>\n\t\t\t\t<\/div>\n\t\t\t\t\t<\/div>\n\t\t<\/div>\n\t\t\t\t\t<\/div>\n\t\t<\/section>\n\t\t\t\t\t<\/div>\n\t\t<\/div>\n\t\t\t\t\t<\/div>\n\t\t<\/section>\n\t\t<div class=\"elementor-element elementor-element-6f4bc67 e-grid e-con-boxed e-con e-parent\" data-id=\"6f4bc67\" data-element_type=\"container\" data-e-type=\"container\">\n\t\t\t\t\t<div class=\"e-con-inner\">\n\t\t\t\t<div class=\"elementor-element elementor-element-8b140d1 elementor-align-center elementor-widget__width-initial elementor-list-item-link-full_width elementor-widget elementor-widget-icon-list\" data-id=\"8b140d1\" data-element_type=\"widget\" data-e-type=\"widget\" data-widget_type=\"icon-list.default\">\n\t\t\t\t<div class=\"elementor-widget-container\">\n\t\t\t\t\t\t\t<ul class=\"elementor-icon-list-items\">\n\t\t\t\t\t\t\t<li class=\"elementor-icon-list-item\">\n\t\t\t\t\t\t\t\t\t\t\t<span class=\"elementor-icon-list-icon\">\n\t\t\t\t\t\t\t<svg aria-hidden=\"true\" class=\"e-font-icon-svg e-fas-map-marker-alt\" viewBox=\"0 0 384 512\"><path d=\"M172.268 501.67C26.97 291.031 0 269.413 0 192 0 85.961 85.961 0 192 0s192 85.961 192 192c0 77.413-26.97 99.031-172.268 309.67-9.535 13.774-29.93 13.773-39.464 0zM192 272c44.183 0 80-35.817 80-80s-35.817-80-80-80-80 35.817-80 80 35.817 80 80 80z\" \/><\/svg>\t\t\t\t\t\t<\/span>\n\t\t\t\t\t\t\t\t\t\t<span class=\"elementor-icon-list-text\">TU Dres\u00adden<br>Pro\u00adfes\u00adsur f\u00fcr Hochfre\u00adquen\u00adztech\u00adnik<br>Helmholtzs\u00adtra\u00dfe 10<br>01069 Dres\u00adden, Ger\u00admany<br><\/span>\n\t\t\t\t\t\t\t\t\t<\/li>\n\t\t\t\t\t\t<\/ul>\n\t\t\t\t\t\t<\/div>\n\t\t\t\t<\/div>\n\t\t\t\t<div class=\"elementor-element elementor-element-092ffbd elementor-align-center elementor-widget__width-initial elementor-list-item-link-full_width elementor-widget elementor-widget-icon-list\" data-id=\"092ffbd\" data-element_type=\"widget\" data-e-type=\"widget\" data-widget_type=\"icon-list.default\">\n\t\t\t\t<div class=\"elementor-widget-container\">\n\t\t\t\t\t\t\t<ul class=\"elementor-icon-list-items\">\n\t\t\t\t\t\t\t<li class=\"elementor-icon-list-item\">\n\t\t\t\t\t\t\t\t\t\t\t<span class=\"elementor-icon-list-icon\">\n\t\t\t\t\t\t\t<svg aria-hidden=\"true\" class=\"e-font-icon-svg e-fas-phone\" viewBox=\"0 0 512 512\"><path d=\"M493.4 24.6l-104-24c-11.3-2.6-22.9 3.3-27.5 13.9l-48 112c-4.2 9.8-1.4 21.3 6.9 28l60.6 49.6c-36 76.7-98.9 140.5-177.2 177.2l-49.6-60.6c-6.8-8.3-18.2-11.1-28-6.9l-112 48C3.9 366.5-2 378.1.6 389.4l24 104C27.1 504.2 36.7 512 48 512c256.1 0 464-207.5 464-464 0-11.2-7.7-20.9-18.6-23.4z\" \/><\/svg>\t\t\t\t\t\t<\/span>\n\t\t\t\t\t\t\t\t\t\t<span class=\"elementor-icon-list-text\">TEL: +49 351 463\u201333941<br>FAX: +49 351 463\u201337033<br><\/span>\n\t\t\t\t\t\t\t\t\t<\/li>\n\t\t\t\t\t\t<\/ul>\n\t\t\t\t\t\t<\/div>\n\t\t\t\t<\/div>\n\t\t\t\t<div class=\"elementor-element elementor-element-025ddf0 elementor-align-center elementor-widget__width-initial elementor-list-item-link-full_width elementor-widget elementor-widget-icon-list\" data-id=\"025ddf0\" data-element_type=\"widget\" data-e-type=\"widget\" data-widget_type=\"icon-list.default\">\n\t\t\t\t<div class=\"elementor-widget-container\">\n\t\t\t\t\t\t\t<ul class=\"elementor-icon-list-items\">\n\t\t\t\t\t\t\t<li class=\"elementor-icon-list-item\">\n\t\t\t\t\t\t\t\t\t\t\t<a href=\"mailto:info@gemic2025.org\">\n\n\t\t\t\t\t\t\t\t\t\t\t\t<span class=\"elementor-icon-list-icon\">\n\t\t\t\t\t\t\t<svg aria-hidden=\"true\" class=\"e-font-icon-svg e-fas-mail-bulk\" viewBox=\"0 0 576 512\"><path d=\"M160 448c-25.6 0-51.2-22.4-64-32-64-44.8-83.2-60.8-96-70.4V480c0 17.67 14.33 32 32 32h256c17.67 0 32-14.33 32-32V345.6c-12.8 9.6-32 25.6-96 70.4-12.8 9.6-38.4 32-64 32zm128-192H32c-17.67 0-32 14.33-32 32v16c25.6 19.2 22.4 19.2 115.2 86.4 9.6 6.4 28.8 25.6 44.8 25.6s35.2-19.2 44.8-22.4c92.8-67.2 89.6-67.2 115.2-86.4V288c0-17.67-14.33-32-32-32zm256-96H224c-17.67 0-32 14.33-32 32v32h96c33.21 0 60.59 25.42 63.71 57.82l.29-.22V416h192c17.67 0 32-14.33 32-32V192c0-17.67-14.33-32-32-32zm-32 128h-64v-64h64v64zm-352-96c0-35.29 28.71-64 64-64h224V32c0-17.67-14.33-32-32-32H96C78.33 0 64 14.33 64 32v192h96v-32z\" \/><\/svg>\t\t\t\t\t\t<\/span>\n\t\t\t\t\t\t\t\t\t\t<span class=\"elementor-icon-list-text\">info@gemic2025.org<\/span>\n\t\t\t\t\t\t\t\t\t\t\t<\/a>\n\t\t\t\t\t\t\t\t\t<\/li>\n\t\t\t\t\t\t<\/ul>\n\t\t\t\t\t\t<\/div>\n\t\t\t\t<\/div>\n\t\t\t\t\t<\/div>\n\t\t\t\t<\/div>\n\t\t\t\t<\/div>\n\t\t","protected":false},"excerpt":{"rendered":"<p>Bronze Spon\u00adsor About Spin\u00adner SPINNER designs and builds cut\u00adt\u00ading-edge radio fre\u00adquen\u00adcy sys\u00adtems, set\u00adting per\u00adfor\u00admance and longevi\u00adty stan\u00addards for oth\u00aders to fol\u00adlow. The com\u00adpa\u00adny\u2019s track record of inno\u00adva\u00adtion dates back to 1946, and many of today\u2019s main\u00adstream prod\u00aducts are root\u00aded in SPINNER inven\u00adtions. Head\u00adquar\u00adtered in Munich, Ger\u00admany, the glob\u00adal fron\u00adtrun\u00adner in RF com\u00adpo\u00adnents remains the first [\u2026]<\/p>\n","protected":false},"author":1,"featured_media":0,"parent":1379,"menu_order":0,"comment_status":"closed","ping_status":"closed","template":"elementor_header_footer","meta":{"wp_typography_post_enhancements_disabled":false,"ocean_post_layout":"","ocean_both_sidebars_style":"","ocean_both_sidebars_content_width":0,"ocean_both_sidebars_sidebars_width":0,"ocean_sidebar":"0","ocean_second_sidebar":"0","ocean_disable_margins":"enable","ocean_add_body_class":"","ocean_shortcode_before_top_bar":"","ocean_shortcode_after_top_bar":"","ocean_shortcode_before_header":"","ocean_shortcode_after_header":"","ocean_has_shortcode":"","ocean_shortcode_after_title":"","ocean_shortcode_before_footer_widgets":"","ocean_shortcode_after_footer_widgets":"","ocean_shortcode_before_footer_bottom":"","ocean_shortcode_after_footer_bottom":"","ocean_display_top_bar":"default","ocean_display_header":"default","ocean_header_style":"","ocean_center_header_left_menu":"0","ocean_custom_header_template":"0","ocean_custom_logo":0,"ocean_custom_retina_logo":0,"ocean_custom_logo_max_width":0,"ocean_custom_logo_tablet_max_width":0,"ocean_custom_logo_mobile_max_width":0,"ocean_custom_logo_max_height":0,"ocean_custom_logo_tablet_max_height":0,"ocean_custom_logo_mobile_max_height":0,"ocean_header_custom_menu":"0","ocean_menu_typo_font_family":"0","ocean_menu_typo_font_subset":"","ocean_menu_typo_font_size":0,"ocean_menu_typo_font_size_tablet":0,"ocean_menu_typo_font_size_mobile":0,"ocean_menu_typo_font_size_unit":"px","ocean_menu_typo_font_weight":"","ocean_menu_typo_font_weight_tablet":"","ocean_menu_typo_font_weight_mobile":"","ocean_menu_typo_transform":"","ocean_menu_typo_transform_tablet":"","ocean_menu_typo_transform_mobile":"","ocean_menu_typo_line_height":0,"ocean_menu_typo_line_height_tablet":0,"ocean_menu_typo_line_height_mobile":0,"ocean_menu_typo_line_height_unit":"","ocean_menu_typo_spacing":0,"ocean_menu_typo_spacing_tablet":0,"ocean_menu_typo_spacing_mobile":0,"ocean_menu_typo_spacing_unit":"","ocean_menu_link_color":"","ocean_menu_link_color_hover":"","ocean_menu_link_color_active":"","ocean_menu_link_background":"","ocean_menu_link_hover_background":"","ocean_menu_link_active_background":"","ocean_menu_social_links_bg":"","ocean_menu_social_hover_links_bg":"","ocean_menu_social_links_color":"","ocean_menu_social_hover_links_color":"","ocean_disable_title":"default","ocean_disable_heading":"default","ocean_post_title":"","ocean_post_subheading":"","ocean_post_title_style":"","ocean_post_title_background_color":"","ocean_post_title_background":0,"ocean_post_title_bg_image_position":"","ocean_post_title_bg_image_attachment":"","ocean_post_title_bg_image_repeat":"","ocean_post_title_bg_image_size":"","ocean_post_title_height":0,"ocean_post_title_bg_overlay":0.5,"ocean_post_title_bg_overlay_color":"","ocean_disable_breadcrumbs":"default","ocean_breadcrumbs_color":"","ocean_breadcrumbs_separator_color":"","ocean_breadcrumbs_links_color":"","ocean_breadcrumbs_links_hover_color":"","ocean_display_footer_widgets":"default","ocean_display_footer_bottom":"default","ocean_custom_footer_template":"0","omw_enable_modal_window":"enable","osh_disable_topbar_sticky":"default","osh_disable_header_sticky":"default","osh_sticky_header_style":"default","osh_sticky_header_effect":"","osh_custom_sticky_logo":0,"osh_custom_retina_sticky_logo":0,"osh_custom_sticky_logo_height":0,"osh_background_color":"","osh_links_color":"","osh_links_hover_color":"","osh_links_active_color":"","osh_links_bg_color":"","osh_links_hover_bg_color":"","osh_links_active_bg_color":"","osh_menu_social_links_color":"","osh_menu_social_hover_links_color":"","footnotes":""},"class_list":["post-2359","page","type-page","status-publish","hentry","entry"],"_links":{"self":[{"href":"https:\/\/gemic2025.org\/index.php?rest_route=\/wp\/v2\/pages\/2359","targetHints":{"allow":["GET"]}}],"collection":[{"href":"https:\/\/gemic2025.org\/index.php?rest_route=\/wp\/v2\/pages"}],"about":[{"href":"https:\/\/gemic2025.org\/index.php?rest_route=\/wp\/v2\/types\/page"}],"author":[{"embeddable":true,"href":"https:\/\/gemic2025.org\/index.php?rest_route=\/wp\/v2\/users\/1"}],"replies":[{"embeddable":true,"href":"https:\/\/gemic2025.org\/index.php?rest_route=%2Fwp%2Fv2%2Fcomments&post=2359"}],"version-history":[{"count":13,"href":"https:\/\/gemic2025.org\/index.php?rest_route=\/wp\/v2\/pages\/2359\/revisions"}],"predecessor-version":[{"id":2670,"href":"https:\/\/gemic2025.org\/index.php?rest_route=\/wp\/v2\/pages\/2359\/revisions\/2670"}],"up":[{"embeddable":true,"href":"https:\/\/gemic2025.org\/index.php?rest_route=\/wp\/v2\/pages\/1379"}],"wp:attachment":[{"href":"https:\/\/gemic2025.org\/index.php?rest_route=%2Fwp%2Fv2%2Fmedia&parent=2359"}],"curies":[{"name":"wp","href":"https:\/\/api.w.org\/{rel}","templated":true}]}}